{"id":408,"date":"2017-09-04T12:26:12","date_gmt":"2017-09-04T12:26:12","guid":{"rendered":"http:\/\/nutricorp.kwayythemes.com\/?page_id=408"},"modified":"2020-03-10T23:32:49","modified_gmt":"2020-03-10T23:32:49","slug":"about-us","status":"publish","type":"page","link":"https:\/\/heliossaludambiental.mx\/index.php\/about-us\/","title":{"rendered":"Quienes Somos"},"content":{"rendered":"<div class=\"wpb-content-wrapper\"><p>[vc_row tm_bgcolor=&#8221;white&#8221; break_in_responsive=&#8221;991&#8243; full_width=&#8221;stretch_row&#8221; css=&#8221;.vc_custom_1583880745963{padding-bottom: 0px !important;}&#8221;][vc_column width=&#8221;1\/3&#8243; css=&#8221;.vc_custom_1583883168554{padding-top: 80px !important;}&#8221;][vc_single_image image=&#8221;3842&#8243; img_size=&#8221;full&#8221;][\/vc_column][vc_column width=&#8221;2\/3&#8243; css=&#8221;.vc_custom_1513242560484{padding-top: 80px !important;padding-bottom: 80px !important;padding-left: 40px !important;}&#8221; el_class=&#8221;padding-top-0px-991 padding-left-15px-991&#8243;]<div class=\"tm-element-heading-wrapper tm-heading-inner tm-element-align-left tm-seperator-solid tm-heading-style-vertical \"><section class=\"tm-vc_cta3-container\"><div class=\"tm-vc_general tm-vc_cta3 tm-cta3-only tm-vc_cta3-style-classic tm-vc_cta3-shape-rounded tm-vc_cta3-align-left tm-vc_cta3-color-transparent tm-vc_cta3-icon-size-md tm-vc_cta3-actions-no tm-cta3-without-desc\"><div class=\"tm-vc_cta3_content-container\"><div class=\"tm-vc_cta3-content\"><header class=\"tm-vc_cta3-content-header tm-wrap\"><div class=\"tm-vc_cta3-headers tm-wrap-cell\"><h4 class=\"tm-custom-heading tm-skincolor \" >Expertos en control de fauna nociva<\/h4>\n<h2 class=\"tm-custom-heading \" ><strong>Helios Salud Ambiental <\/strong><\/h2>\n<\/div><div class=\"heading-seperator\"><span><\/span><\/div><\/header><\/div><\/div><\/div><\/section><\/div> <!-- .tm-element-heading-wrapper container --> [vc_column_text]Desde su creaci\u00f3n <strong>\u201c<\/strong><strong>HELIOS SALUD AMBIENTAL S.A. DE C.V.<\/strong><strong>\u201d<\/strong>,\u00a0 (12 de enero de 1999), ha venido cumpliendo con la comercializaci\u00f3n de productos de primera calidad marca <strong>\u201c<\/strong><strong>BAYER<\/strong><strong>\u201d<\/strong> destinados a las campa\u00f1as de salud p\u00fablica y control de fauna nociva.<\/p>\n<p>Cubriendo en m\u00e1s 10 a\u00f1os la mayor\u00eda de los requerimientos de los servicios de salud de los estados as\u00ed como\u00a0 entidades paraestatales y en su caso a las entidades particulares.[\/vc_column_text][vc_column_text]As\u00ed mismo atendiendo a trav\u00e9s de un punto de venta al p\u00fablico, al menudeo, con productos para fumigaciones para empresas dedicas al control de plagas, amas de casa, peque\u00f1os comercios \u00f3 negocios, as\u00ed como mercados, hospitales, restaurantes, comercios, etc.<\/p>\n<p>Considerando que el objetivo principal de esta empresa es manejar productos dirigidos para el control de vectores y en algunos casos para fauna nociva, <strong>\u201c<\/strong><strong>HELIOS SALUD AMBIENTAL S.A. DE C.V.<\/strong><strong>\u201d<\/strong>, pretende retomar este objetivo comercializando los productos nuevamente con el apoyo de <strong>\u201c<\/strong><strong>BAYER<\/strong><strong>\u201d<\/strong>, como distribuidor de la misma.[\/vc_column_text][\/vc_column][\/vc_row][vc_row tm_bgcolor=&#8221;skincolor&#8221; full_width=&#8221;stretch_row&#8221; el_class=&#8221;five-columns tm-facts-colum-sep&#8221; css=&#8221;.vc_custom_1583882537054{background-image: url(https:\/\/heliossaludambiental.mx\/wp-content\/uploads\/2020\/03\/familia.jpg?id=3834) !important;background-position: center !important;background-repeat: no-repeat !important;background-size: cover !important;}&#8221;][vc_column width=&#8221;1\/2&#8243;]<div class=\"tm-element-heading-wrapper tm-heading-inner tm-element-align-center tm-seperator-solid tm-heading-style-vertical \"><section class=\"tm-vc_cta3-container\"><div class=\"tm-vc_general tm-vc_cta3 tm-cta3-only tm-vc_cta3-style-classic tm-vc_cta3-shape-rounded tm-vc_cta3-align-center tm-vc_cta3-color-transparent tm-vc_cta3-icon-size-md tm-vc_cta3-actions-no tm-cta3-with-desc\"><div class=\"tm-vc_cta3_content-container\"><div class=\"tm-vc_cta3-content\"><header class=\"tm-vc_cta3-content-header tm-wrap\"><div class=\"tm-vc_cta3-headers tm-wrap-cell\"><h2 class=\"tm-custom-heading \" >Nuestra Misi\u00f3n<\/h2>\n<\/div><div class=\"heading-seperator\"><span><\/span><\/div><\/header><div class=\"tm-cta3-content-wrapper\"><p>Proteger as\u00ed como asegurar el bienestar de las personas a trav\u00e9s de la implementaci\u00f3n de sistemas seguros de control de vectores (plaguicidas) y as\u00ed garantizar el bien estar de tu familia como de tus seres queridos utilizando productos no da\u00f1inos ni para las personas ni para los animales.<\/p><\/div><\/div><\/div><\/div><\/section><\/div> <!-- .tm-element-heading-wrapper container --> [\/vc_column][vc_column width=&#8221;1\/2&#8243;]<div class=\"tm-element-heading-wrapper tm-heading-inner tm-element-align-center tm-seperator-solid tm-heading-style-vertical \"><section class=\"tm-vc_cta3-container\"><div class=\"tm-vc_general tm-vc_cta3 tm-cta3-only tm-vc_cta3-style-classic tm-vc_cta3-shape-rounded tm-vc_cta3-align-center tm-vc_cta3-color-transparent tm-vc_cta3-icon-size-md tm-vc_cta3-actions-no tm-cta3-with-desc\"><div class=\"tm-vc_cta3_content-container\"><div class=\"tm-vc_cta3-content\"><header class=\"tm-vc_cta3-content-header tm-wrap\"><div class=\"tm-vc_cta3-headers tm-wrap-cell\"><h2 class=\"tm-custom-heading \" >Nuestra Visi\u00f3n<\/h2>\n<\/div><div class=\"heading-seperator\"><span><\/span><\/div><\/header><div class=\"tm-cta3-content-wrapper\"><p>ser los m\u00e1s grandes distribuidores en el pa\u00eds con los est\u00e1ndares m\u00e1s altos de calidad as\u00ed como expandir nuestra l\u00ednea de productos para que las personas y empresas, que todas las personas tengan acceso a este tipo de productos y servicios dado que la higiene es muy importante para todos. \u201chigiene no toxica\u201d.<\/p><\/div><\/div><\/div><\/div><\/section><\/div> <!-- .tm-element-heading-wrapper container --> [\/vc_column][\/vc_row][vc_row tm_bgcolor=&#8221;skincolor&#8221; break_in_responsive=&#8221;1200&#8243; full_width=&#8221;stretch_row_content_no_spaces&#8221; equal_height=&#8221;yes&#8221; css=&#8221;.vc_custom_1583882676029{padding-top: 0px !important;padding-bottom: 0px !important;background-image: url(https:\/\/heliossaludambiental.mx\/wp-content\/uploads\/2020\/03\/banner1.jpg?id=3705) !important;}&#8221; el_class=&#8221;five-to-seven-columns&#8221;][vc_column tm_bgcolor=&#8221;darkgrey&#8221; width=&#8221;1\/3&#8243; css=&#8221;.vc_custom_1583882777611{padding-top: 80px !important;padding-right: 60px !important;padding-bottom: 50px !important;padding-left: 100px !important;background-image: url(https:\/\/heliossaludambiental.mx\/wp-content\/uploads\/2020\/03\/im1.jpg?id=3717) !important;background-position: center !important;background-repeat: no-repeat !important;background-size: cover !important;}&#8221; el_class=&#8221;meetourteam padding-left-30px-991 padding-top-30px-991&#8243;]<div class=\"tm-element-heading-wrapper tm-heading-inner tm-element-align-left tm-seperator-solid tm-heading-style-vertical \"><section class=\"tm-vc_cta3-container\"><div class=\"tm-vc_general tm-vc_cta3 tm-cta3-only tm-vc_cta3-style-classic tm-vc_cta3-shape-rounded tm-vc_cta3-align-left tm-vc_cta3-color-transparent tm-vc_cta3-icon-size-md tm-vc_cta3-actions-no tm-cta3-without-desc\"><div class=\"tm-vc_cta3_content-container\"><div class=\"tm-vc_cta3-content\"><header class=\"tm-vc_cta3-content-header tm-wrap\"><div class=\"tm-vc_cta3-headers tm-wrap-cell\"><h2 class=\"tm-custom-heading \" >Nuestros Valores<\/h2>\n<\/div><div class=\"heading-seperator\"><span><\/span><\/div><\/header><\/div><\/div><\/div><\/section><\/div> <!-- .tm-element-heading-wrapper container --> [\/vc_column][vc_column tm_bgcolor=&#8221;darkgrey&#8221; width=&#8221;2\/3&#8243; css=&#8221;.vc_custom_1583882010842{padding-top: 50px !important;padding-right: 0px !important;padding-bottom: 0px !important;padding-left: 0px !important;background-position: center !important;background-repeat: no-repeat !important;background-size: cover !important;}&#8221;][vc_column_text]<\/p>\n<ul>\n<li>Fomentar el desarrollo sustentable de la naturaleza a trav\u00e9s de productos higi\u00e9nicos y bio degradables.<\/li>\n<li>Crecimiento y desarrollo personal para cada miembro de la organizaci\u00f3n.<\/li>\n<li>El cumplimiento de metas y de objetivos en el tiempo y forma establecidos.<\/li>\n<li>El trabajo en equipo de forma organizada y orientada al el \u00e9xito<\/li>\n<li>Delegar poder y compartir responsabilidades haciendo valer las opiniones todos los elementos de la organizaci\u00f3n.<\/li>\n<\/ul>\n<p>[\/vc_column_text][\/vc_column][\/vc_row]<\/p>\n<\/div>","protected":false},"excerpt":{"rendered":"<p>[vc_row tm_bgcolor=&#8221;white&#8221; break_in_responsive=&#8221;991&#8243; full_width=&#8221;stretch_row&#8221; css=&#8221;.vc_custom_1583880745963{padding-bottom: 0px !important;}&#8221;][vc_column width=&#8221;1\/3&#8243; css=&#8221;.vc_custom_1583883168554{padding-top: 80px !important;}&#8221;][vc_single_image image=&#8221;3842&#8243; img_size=&#8221;full&#8221;][\/vc_column][vc_column width=&#8221;2\/3&#8243; css=&#8221;.vc_custom_1513242560484{padding-top: 80px !important;padding-bottom: 80px !important;padding-left: 40px !important;}&#8221; el_class=&#8221;padding-top-0px-991 padding-left-15px-991&#8243;][vc_column_text]Desde su creaci\u00f3n \u201cHELIOS SALUD AMBIENTAL S.A. DE C.V.\u201d,\u00a0 (12 de enero de 1999), ha venido cumpliendo con la comercializaci\u00f3n de productos de primera calidad marca \u201cBAYER\u201d destinados a las campa\u00f1as de salud &hellip; <a href=\"https:\/\/heliossaludambiental.mx\/index.php\/about-us\/\" class=\"more-link\">Continue reading <span class=\"screen-reader-text\">Quienes Somos<\/span><\/a><\/p>\n","protected":false},"author":1,"featured_media":0,"parent":0,"menu_order":4,"comment_status":"closed","ping_status":"closed","template":"","meta":{"footnotes":""},"class_list":["post-408","page","type-page","status-publish","hentry"],"_links":{"self":[{"href":"https:\/\/heliossaludambiental.mx\/index.php\/wp-json\/wp\/v2\/pages\/408","targetHints":{"allow":["GET"]}}],"collection":[{"href":"https:\/\/heliossaludambiental.mx\/index.php\/wp-json\/wp\/v2\/pages"}],"about":[{"href":"https:\/\/heliossaludambiental.mx\/index.php\/wp-json\/wp\/v2\/types\/page"}],"author":[{"embeddable":true,"href":"https:\/\/heliossaludambiental.mx\/index.php\/wp-json\/wp\/v2\/users\/1"}],"replies":[{"embeddable":true,"href":"https:\/\/heliossaludambiental.mx\/index.php\/wp-json\/wp\/v2\/comments?post=408"}],"version-history":[{"count":0,"href":"https:\/\/heliossaludambiental.mx\/index.php\/wp-json\/wp\/v2\/pages\/408\/revisions"}],"wp:attachment":[{"href":"https:\/\/heliossaludambiental.mx\/index.php\/wp-json\/wp\/v2\/media?parent=408"}],"curies":[{"name":"wp","href":"https:\/\/api.w.org\/{rel}","templated":true}]}}