{"id":3744,"date":"2020-03-09T20:27:48","date_gmt":"2020-03-09T20:27:48","guid":{"rendered":"https:\/\/heliossaludambiental.mx\/?post_type=product&#038;p=3744"},"modified":"2020-03-10T19:03:48","modified_gmt":"2020-03-10T19:03:48","slug":"termidor-c-e","status":"publish","type":"product","link":"https:\/\/heliossaludambiental.mx\/index.php\/producto\/termidor-c-e\/","title":{"rendered":"TERMIDOR C.E."},"content":{"rendered":"<p>Insecticida para eliminar colonia de termitas subterr\u00e1neas, de madera seca y arb\u00f3reas.<\/p>\n<p>Es indicado para tratamientos previos y posteriores a la construcci\u00f3n, proporciona un efecto residual efectivo para prevenir futuras infestaciones. Adem\u00e1s, tiene un efecto de transferencia \u00fanico, inadvertido por las termitas, que contaminan a otros individuos en las colonias al eliminarlas por completo.<\/p>\n<p>Tambi\u00e9n es efectivo en el control de garrapatas y hormigas.<\/p>\n","protected":false},"excerpt":{"rendered":"<p>Insecticida para eliminar colonia de termitas subterr\u00e1neas, de madera seca y arb\u00f3reas.<\/p>\n","protected":false},"featured_media":3797,"comment_status":"open","ping_status":"closed","template":"","meta":[],"product_brand":[],"product_cat":[52],"product_tag":[],"class_list":{"0":"post-3744","1":"product","2":"type-product","3":"status-publish","4":"has-post-thumbnail","6":"product_cat-laboratorios","9":"instock","10":"shipping-taxable","11":"product-type-simple"},"_links":{"self":[{"href":"https:\/\/heliossaludambiental.mx\/index.php\/wp-json\/wp\/v2\/product\/3744","targetHints":{"allow":["GET"]}}],"collection":[{"href":"https:\/\/heliossaludambiental.mx\/index.php\/wp-json\/wp\/v2\/product"}],"about":[{"href":"https:\/\/heliossaludambiental.mx\/index.php\/wp-json\/wp\/v2\/types\/product"}],"replies":[{"embeddable":true,"href":"https:\/\/heliossaludambiental.mx\/index.php\/wp-json\/wp\/v2\/comments?post=3744"}],"wp:featuredmedia":[{"embeddable":true,"href":"https:\/\/heliossaludambiental.mx\/index.php\/wp-json\/wp\/v2\/media\/3797"}],"wp:attachment":[{"href":"https:\/\/heliossaludambiental.mx\/index.php\/wp-json\/wp\/v2\/media?parent=3744"}],"wp:term":[{"taxonomy":"product_brand","embeddable":true,"href":"https:\/\/heliossaludambiental.mx\/index.php\/wp-json\/wp\/v2\/product_brand?post=3744"},{"taxonomy":"product_cat","embeddable":true,"href":"https:\/\/heliossaludambiental.mx\/index.php\/wp-json\/wp\/v2\/product_cat?post=3744"},{"taxonomy":"product_tag","embeddable":true,"href":"https:\/\/heliossaludambiental.mx\/index.php\/wp-json\/wp\/v2\/product_tag?post=3744"}],"curies":[{"name":"wp","href":"https:\/\/api.w.org\/{rel}","templated":true}]}}