{"id":3746,"date":"2020-03-09T20:29:03","date_gmt":"2020-03-09T20:29:03","guid":{"rendered":"https:\/\/heliossaludambiental.mx\/?post_type=product&#038;p=3746"},"modified":"2020-03-10T19:02:22","modified_gmt":"2020-03-10T19:02:22","slug":"cybor-10ea","status":"publish","type":"product","link":"https:\/\/heliossaludambiental.mx\/index.php\/producto\/cybor-10ea\/","title":{"rendered":"CYBOR 10EA"},"content":{"rendered":"<p>La l\u00ednea Cybor\u00ae est\u00e1 especialmente dise\u00f1ada para el control de plagas en \u00e1reas urbanas como: casas habitaci\u00f3n, hoteles, instalaciones industriales, hospitales, laboratorios, \u00e1reas de preparaci\u00f3n de alimentos, almacenes, jardines, bodegas, escuelas, establecimientos para la elaboraci\u00f3n y procesamiento de alimentos, establos, etc.<\/p>\n<p>Plagas que controla:<br \/>\nCucarachas, Moscas, Alacranes, Piojos, Pulgas, Hormigas, Mosquitos, Cara de Ni\u00f1o, Chinches, Ara\u00f1as, Ciempi\u00e9s, Grillos, Termitas, etc.<\/p>\n","protected":false},"excerpt":{"rendered":"<p>La l\u00ednea Cybor\u00ae est\u00e1 especialmente dise\u00f1ada para el control de plagas en \u00e1reas urbanas como: casas habitaci\u00f3n, hoteles, instalaciones industriales, hospitales, laboratorios, \u00e1reas de preparaci\u00f3n de alimentos, almacenes, jardines, bodegas, escuelas, establecimientos para la elaboraci\u00f3n y procesamiento de alimentos, establos, etc.<\/p>\n","protected":false},"featured_media":3782,"comment_status":"open","ping_status":"closed","template":"","meta":[],"product_brand":[],"product_cat":[52],"product_tag":[],"class_list":{"0":"post-3746","1":"product","2":"type-product","3":"status-publish","4":"has-post-thumbnail","6":"product_cat-laboratorios","9":"instock","10":"shipping-taxable","11":"product-type-simple"},"_links":{"self":[{"href":"https:\/\/heliossaludambiental.mx\/index.php\/wp-json\/wp\/v2\/product\/3746","targetHints":{"allow":["GET"]}}],"collection":[{"href":"https:\/\/heliossaludambiental.mx\/index.php\/wp-json\/wp\/v2\/product"}],"about":[{"href":"https:\/\/heliossaludambiental.mx\/index.php\/wp-json\/wp\/v2\/types\/product"}],"replies":[{"embeddable":true,"href":"https:\/\/heliossaludambiental.mx\/index.php\/wp-json\/wp\/v2\/comments?post=3746"}],"wp:featuredmedia":[{"embeddable":true,"href":"https:\/\/heliossaludambiental.mx\/index.php\/wp-json\/wp\/v2\/media\/3782"}],"wp:attachment":[{"href":"https:\/\/heliossaludambiental.mx\/index.php\/wp-json\/wp\/v2\/media?parent=3746"}],"wp:term":[{"taxonomy":"product_brand","embeddable":true,"href":"https:\/\/heliossaludambiental.mx\/index.php\/wp-json\/wp\/v2\/product_brand?post=3746"},{"taxonomy":"product_cat","embeddable":true,"href":"https:\/\/heliossaludambiental.mx\/index.php\/wp-json\/wp\/v2\/product_cat?post=3746"},{"taxonomy":"product_tag","embeddable":true,"href":"https:\/\/heliossaludambiental.mx\/index.php\/wp-json\/wp\/v2\/product_tag?post=3746"}],"curies":[{"name":"wp","href":"https:\/\/api.w.org\/{rel}","templated":true}]}}