{"id":3747,"date":"2020-03-09T20:29:59","date_gmt":"2020-03-09T20:29:59","guid":{"rendered":"https:\/\/heliossaludambiental.mx\/?post_type=product&#038;p=3747"},"modified":"2020-03-10T19:01:42","modified_gmt":"2020-03-10T19:01:42","slug":"sangha-gel","status":"publish","type":"product","link":"https:\/\/heliossaludambiental.mx\/index.php\/producto\/sangha-gel\/","title":{"rendered":"SANGHA GEL"},"content":{"rendered":"<p>Sangha\u00ae Gel es la soluci\u00f3n m\u00e1s pr\u00e1ctica para terminar con las cucarachas en el hogar, industrias, hoteles,etc., contiene un atrayente irresistible para las cucarachas, \u00e9stas se alimentan del gel y m eren, se aplica muy f\u00e1cilmente, basta con colocar varios puntos por medio de la jeringa en los lugares donde frecuentan las cucarachas, como cocinas, alacenas, estufas, sitios h\u00famedos, ba\u00f1os, habitaciones, etc.<\/p>\n<p>Est\u00e1 elaborado a base de Abamectina un derivado de un hongo natural de suelo, seguro a personas y animales dom\u00e9sticos, pero su efecto es letal para las cucarachas.<\/p>\n<p>Los puntos de Sangha\u00ae Gel, permanecen activos varios d\u00edas despu\u00e9s de su colocaci\u00f3n. Su acci\u00f3n es efectiva para controlar cucarachas y otros insectos como hormigas.No contiene los peligrosos insecticidas utilizados com\u00fanmente en los aerosoles y en las aplicaciones asperjadas l\u00edquidas.<\/p>\n<p>Puede ser utilizado en sitios \u201cdelicados o restringidos\u201d como equipos el\u00e9ctricos, refrigeradores, estufas, \u00e1reas de preparaci\u00f3n de alimentos, restaurantes, hospitales, etc.<br \/>\nSu uso es seguro y no contaminante.<\/p>\n<p>No mancha, no huele, no emite vapores t\u00f3xicos.<\/p>\n","protected":false},"excerpt":{"rendered":"<p>Sangha\u00ae Gel es la soluci\u00f3n m\u00e1s pr\u00e1ctica para terminar con las cucarachas en el hogar, industrias, hoteles,etc., contiene un atrayente irresistible para las cucarachas, \u00e9stas se alimentan del gel y m eren, se aplica muy f\u00e1cilmente, basta con colocar varios puntos por medio de la jeringa en los lugares donde frecuentan las cucarachas, como cocinas, alacenas, estufas, sitios h\u00famedos, ba\u00f1os, habitaciones, etc.<\/p>\n","protected":false},"featured_media":3796,"comment_status":"open","ping_status":"closed","template":"","meta":[],"product_brand":[],"product_cat":[52],"product_tag":[],"class_list":{"0":"post-3747","1":"product","2":"type-product","3":"status-publish","4":"has-post-thumbnail","6":"product_cat-laboratorios","9":"instock","10":"shipping-taxable","11":"product-type-simple"},"_links":{"self":[{"href":"https:\/\/heliossaludambiental.mx\/index.php\/wp-json\/wp\/v2\/product\/3747","targetHints":{"allow":["GET"]}}],"collection":[{"href":"https:\/\/heliossaludambiental.mx\/index.php\/wp-json\/wp\/v2\/product"}],"about":[{"href":"https:\/\/heliossaludambiental.mx\/index.php\/wp-json\/wp\/v2\/types\/product"}],"replies":[{"embeddable":true,"href":"https:\/\/heliossaludambiental.mx\/index.php\/wp-json\/wp\/v2\/comments?post=3747"}],"wp:featuredmedia":[{"embeddable":true,"href":"https:\/\/heliossaludambiental.mx\/index.php\/wp-json\/wp\/v2\/media\/3796"}],"wp:attachment":[{"href":"https:\/\/heliossaludambiental.mx\/index.php\/wp-json\/wp\/v2\/media?parent=3747"}],"wp:term":[{"taxonomy":"product_brand","embeddable":true,"href":"https:\/\/heliossaludambiental.mx\/index.php\/wp-json\/wp\/v2\/product_brand?post=3747"},{"taxonomy":"product_cat","embeddable":true,"href":"https:\/\/heliossaludambiental.mx\/index.php\/wp-json\/wp\/v2\/product_cat?post=3747"},{"taxonomy":"product_tag","embeddable":true,"href":"https:\/\/heliossaludambiental.mx\/index.php\/wp-json\/wp\/v2\/product_tag?post=3747"}],"curies":[{"name":"wp","href":"https:\/\/api.w.org\/{rel}","templated":true}]}}