{"id":3748,"date":"2020-03-09T20:30:48","date_gmt":"2020-03-09T20:30:48","guid":{"rendered":"https:\/\/heliossaludambiental.mx\/?post_type=product&#038;p=3748"},"modified":"2020-03-10T19:00:44","modified_gmt":"2020-03-10T19:00:44","slug":"antex-gel","status":"publish","type":"product","link":"https:\/\/heliossaludambiental.mx\/index.php\/producto\/antex-gel\/","title":{"rendered":"ANTEX GEL"},"content":{"rendered":"<p>Antex\u00ae Gel contiene un atrayente irresistible para las hormigas, est\u00e1 elaborado a base de abamectina derivado de un hongo natural de suelo, seguro a personas y animales dom\u00e9sticos, pero su efecto es letal para las hormigas, actua bloqueando al GABA (\u00e1cido gamma amino but\u00edrico), produciendo la muerte despu\u00e9s de horas de la ingesta, permitiendo que se lleve alimento a toda la colonia. La abamectina no puede ser detectada por los insectos.<\/p>\n<p>Antex\u00ae Gel est\u00e1 dise\u00f1ado para soportar altas temperaturas sin que se haga l\u00edquido y escurra, es la herramienta ideal en el programa de control de hormigas, el cual debe incluir medidas sanitarias, entre ellas la protecci\u00f3n de alimentos, eliminaci\u00f3n adecuada de la basura y la reparaci\u00f3n de da\u00f1os estructurales como grietas y hendiduras para evitar que las plagas encuentren sitios de refugio.<\/p>\n<p>Antex\u00ae Gel controla hormigas que habitan en el interior de los inmuebles o aquellas que pueden eventualmente invadir. Teniendo diferentes h\u00e1bitos alimenticios; omn\u00edvoras que comen de varios grupos alimenticios, o las mieleras que consumen carbohidratos; azucares y harinas.<\/p>\n","protected":false},"excerpt":{"rendered":"<p>Antex\u00ae Gel contiene un atrayente irresistible para las hormigas, est\u00e1 elaborado a base de abamectina derivado de un hongo natural de suelo, seguro a personas y animales dom\u00e9sticos, pero su efecto es letal para las hormigas, actua bloqueando al GABA (\u00e1cido gamma amino but\u00edrico), produciendo la muerte despu\u00e9s de horas de la ingesta, permitiendo que se lleve alimento a toda la colonia. La abamectina no puede ser detectada por los insectos.<\/p>\n","protected":false},"featured_media":3770,"comment_status":"open","ping_status":"closed","template":"","meta":[],"product_brand":[],"product_cat":[52],"product_tag":[],"class_list":{"0":"post-3748","1":"product","2":"type-product","3":"status-publish","4":"has-post-thumbnail","6":"product_cat-laboratorios","9":"instock","10":"shipping-taxable","11":"product-type-simple"},"_links":{"self":[{"href":"https:\/\/heliossaludambiental.mx\/index.php\/wp-json\/wp\/v2\/product\/3748","targetHints":{"allow":["GET"]}}],"collection":[{"href":"https:\/\/heliossaludambiental.mx\/index.php\/wp-json\/wp\/v2\/product"}],"about":[{"href":"https:\/\/heliossaludambiental.mx\/index.php\/wp-json\/wp\/v2\/types\/product"}],"replies":[{"embeddable":true,"href":"https:\/\/heliossaludambiental.mx\/index.php\/wp-json\/wp\/v2\/comments?post=3748"}],"wp:featuredmedia":[{"embeddable":true,"href":"https:\/\/heliossaludambiental.mx\/index.php\/wp-json\/wp\/v2\/media\/3770"}],"wp:attachment":[{"href":"https:\/\/heliossaludambiental.mx\/index.php\/wp-json\/wp\/v2\/media?parent=3748"}],"wp:term":[{"taxonomy":"product_brand","embeddable":true,"href":"https:\/\/heliossaludambiental.mx\/index.php\/wp-json\/wp\/v2\/product_brand?post=3748"},{"taxonomy":"product_cat","embeddable":true,"href":"https:\/\/heliossaludambiental.mx\/index.php\/wp-json\/wp\/v2\/product_cat?post=3748"},{"taxonomy":"product_tag","embeddable":true,"href":"https:\/\/heliossaludambiental.mx\/index.php\/wp-json\/wp\/v2\/product_tag?post=3748"}],"curies":[{"name":"wp","href":"https:\/\/api.w.org\/{rel}","templated":true}]}}