{"id":3752,"date":"2020-03-09T20:32:58","date_gmt":"2020-03-09T20:32:58","guid":{"rendered":"https:\/\/heliossaludambiental.mx\/?post_type=product&#038;p=3752"},"modified":"2020-03-10T18:58:11","modified_gmt":"2020-03-10T18:58:11","slug":"gamo-1kg","status":"publish","type":"product","link":"https:\/\/heliossaludambiental.mx\/index.php\/producto\/gamo-1kg\/","title":{"rendered":"GAMO 1KG"},"content":{"rendered":"<p>Gamo 1% Insecticida para uso en jard\u00edn a base de imaidacloprid en granulado es sist\u00e9mico y de f\u00e1cil aplicaci\u00f3n para el control de diabroticas gusanos mosquita blanca \u00e1fidos trips.<\/p>\n","protected":false},"excerpt":{"rendered":"<p>Gamo 1% Insecticida para uso en jard\u00edn a base de imaidacloprid en granulado es sist\u00e9mico y de f\u00e1cil aplicaci\u00f3n para el control de diabroticas gusanos mosquita blanca \u00e1fidos trips.<\/p>\n","protected":false},"featured_media":3787,"comment_status":"open","ping_status":"closed","template":"","meta":[],"product_brand":[],"product_cat":[52],"product_tag":[],"class_list":{"0":"post-3752","1":"product","2":"type-product","3":"status-publish","4":"has-post-thumbnail","6":"product_cat-laboratorios","9":"instock","10":"shipping-taxable","11":"product-type-simple"},"_links":{"self":[{"href":"https:\/\/heliossaludambiental.mx\/index.php\/wp-json\/wp\/v2\/product\/3752","targetHints":{"allow":["GET"]}}],"collection":[{"href":"https:\/\/heliossaludambiental.mx\/index.php\/wp-json\/wp\/v2\/product"}],"about":[{"href":"https:\/\/heliossaludambiental.mx\/index.php\/wp-json\/wp\/v2\/types\/product"}],"replies":[{"embeddable":true,"href":"https:\/\/heliossaludambiental.mx\/index.php\/wp-json\/wp\/v2\/comments?post=3752"}],"wp:featuredmedia":[{"embeddable":true,"href":"https:\/\/heliossaludambiental.mx\/index.php\/wp-json\/wp\/v2\/media\/3787"}],"wp:attachment":[{"href":"https:\/\/heliossaludambiental.mx\/index.php\/wp-json\/wp\/v2\/media?parent=3752"}],"wp:term":[{"taxonomy":"product_brand","embeddable":true,"href":"https:\/\/heliossaludambiental.mx\/index.php\/wp-json\/wp\/v2\/product_brand?post=3752"},{"taxonomy":"product_cat","embeddable":true,"href":"https:\/\/heliossaludambiental.mx\/index.php\/wp-json\/wp\/v2\/product_cat?post=3752"},{"taxonomy":"product_tag","embeddable":true,"href":"https:\/\/heliossaludambiental.mx\/index.php\/wp-json\/wp\/v2\/product_tag?post=3752"}],"curies":[{"name":"wp","href":"https:\/\/api.w.org\/{rel}","templated":true}]}}