{"id":3896,"date":"2020-03-19T22:46:34","date_gmt":"2020-03-19T22:46:34","guid":{"rendered":"https:\/\/heliossaludambiental.mx\/?post_type=product&#038;p=3896"},"modified":"2020-03-19T22:48:34","modified_gmt":"2020-03-19T22:48:34","slug":"virkon-s-vet","status":"publish","type":"product","link":"https:\/\/heliossaludambiental.mx\/index.php\/producto\/virkon-s-vet\/","title":{"rendered":"Virkon S vet"},"content":{"rendered":"<p><strong>Virkon S vet<\/strong> es un sistema sin\u00e9rgico, balanceado y estabilizado de compuestos peroxigenados, surfactantes y \u00e1cidos org\u00e1nicos.<\/p>\n<p><strong>Virkon S vet<\/strong> es un desinfectante viricida con eficacia comprobada contra 19 familias de virus que afecta a los animales dom\u00e9sticos y al hombre.<\/p>\n<h3><span style=\"color: #3366ff;\">Limpia y desinfecta en una sola aplicaci\u00f3n.<\/span><\/h3>\n<p>Para uso exclusivo del M\u00e9xico Veterianrio Zootecnista.<\/p>\n<p><strong><span style=\"color: #3366ff;\">Formula<\/span><\/strong><\/p>\n<p>Mexcla sin\u00e9rgica y balanceada de:<\/p>\n<ul>\n<li>Acidos org\u00e1nicos<\/li>\n<li>Biocidas org\u00e1nicos<\/li>\n<li>Conpuestos peroxigenados<\/li>\n<li>Surfactantes<\/li>\n<\/ul>\n<p><strong><span style=\"color: #3366ff;\">Presentaci\u00f3n<\/span><\/strong><\/p>\n<p>Sobres de 10g<\/p>\n<p>V\u00eda de Administraci\u00f3n<\/p>\n<p>Aplicar por aspersi\u00f3n o inmersi\u00f3n<\/p>\n<p><strong><span style=\"color: #3366ff;\">Dosis<\/span><\/strong><\/p>\n<p>Preparar un sobre de <strong>Virkon S vet<\/strong> por cada 2 litros de agua, para el tratamiento preventivo contra la infecci\u00f3n de microorganismos pat\u00f3genos.<\/p>\n<p>En caso de presentarse altos conteos microbianos o sospecha de infecci\u00f3n, mezclar 10g de <strong>Virkon S vet<\/strong> por cada litro de agua.<\/p>\n<p>Dosis rutinaria de desinfecci\u00f3n 1:100 a 1:200.<\/p>\n<p>Parvovirus 1 sobre\/500 ml = 1:50<\/p>\n<p>Hongos: 1 sobre \/ 3 lt = 1:300<\/p>\n<h3><span style=\"color: #3366ff;\">Informaci\u00f3n Complementaria<\/span><\/h3>\n<p><strong><span style=\"color: #3366ff;\">Indicaciones<\/span><\/strong><\/p>\n<p>Antes de efecturar cualquier tipo de desinfecci\u00f3n, verifique que se haya efectuado una limpieza profunda del \u00e1rea a tratar.<\/p>\n<p><strong>Virkon S vet<\/strong> es seguro en animales dom\u00e9sticos y humanos.<\/p>\n<p><strong>Virkon S vet<\/strong> es \u00fatili para la desinfecci\u00f3n de consultorios y quir\u00f3fanos veterinarios, pensiones, est\u00e9ticas, perreras, hospitales, jaulas, mesas de consulta y cirug\u00eda, instrumental quir\u00fargico, lugares donde habitan, que frecuentan, o en los que descansan los animales, as\u00ed como cualquier \u00e1rea que requiera desinfecci\u00f3n total.<\/p>\n<p>Material quir\u00fargico y met\u00e1lico dejar en contacto con la soluci\u00f3n de 15 a 30 minutos m\u00e1ximo. Puede provocar oxidaci\u00f3n.<\/p>\n<p><strong>Virkon S vet<\/strong> tambi\u00e9n es \u00fatil en la desinfecci\u00f3n de jaulas de p\u00e1jaros de ornato, h\u00e1bitats de hamsters, ratones, tortugas, reptiles.<\/p>\n<p><span style=\"color: #339966;\">No es corrosivo ni irritante.<\/span><\/p>\n<p><span style=\"color: #339966;\">No contamina, por el contrario, reduce la infecci\u00f3n microbiol\u00f3gica.<\/span><\/p>\n<p><span style=\"color: #339966;\">No mancha. Su ligero aroma a lim\u00f3n brinda una propiedad deodorizante adicional.<\/span><\/p>\n<p>Es sumamente estable y prefectamente soluble en agua, lo que permite su f\u00e1cil aplicaci\u00f3n en volumen ultrabajo <strong>(ULV).<\/strong><\/p>\n<p>Actua en prescencia de materia org\u00e1nica.<\/p>\n<p>F\u00e1cil de preparar puede usarse con cualquier tipo de agua.<\/p>\n<p>Se puede utilizar en cualquier tipo de instalaciones, incluso en prescencia de los animales.<\/p>\n<p>Es biodegradable, no deja residuos en el ambiente.<\/p>\n<p>Baja toxicidad para animales y el hombre.<\/p>\n","protected":false},"excerpt":{"rendered":"<p><strong>Virkon S vet<\/strong> es un sistema sin\u00e9rgico, balanceado y estabilizado de compuestos peroxigenados, surfactantes y \u00e1cidos org\u00e1nicos.<\/p>\n<p><strong>Virkon S vet<\/strong> es un desinfectante viricida con eficacia comprobada contra 19 familias de virus que afecta a los animales dom\u00e9sticos y al hombre.<\/p>\n<h3>Limpia y desinfecta en una sola aplicaci\u00f3n.<\/h3>\n<p>&nbsp;<\/p>\n","protected":false},"featured_media":3897,"comment_status":"open","ping_status":"closed","template":"","meta":[],"product_brand":[],"product_cat":[47],"product_tag":[],"class_list":{"0":"post-3896","1":"product","2":"type-product","3":"status-publish","4":"has-post-thumbnail","6":"product_cat-soluciones","9":"instock","10":"shipping-taxable","11":"product-type-simple"},"_links":{"self":[{"href":"https:\/\/heliossaludambiental.mx\/index.php\/wp-json\/wp\/v2\/product\/3896","targetHints":{"allow":["GET"]}}],"collection":[{"href":"https:\/\/heliossaludambiental.mx\/index.php\/wp-json\/wp\/v2\/product"}],"about":[{"href":"https:\/\/heliossaludambiental.mx\/index.php\/wp-json\/wp\/v2\/types\/product"}],"replies":[{"embeddable":true,"href":"https:\/\/heliossaludambiental.mx\/index.php\/wp-json\/wp\/v2\/comments?post=3896"}],"wp:featuredmedia":[{"embeddable":true,"href":"https:\/\/heliossaludambiental.mx\/index.php\/wp-json\/wp\/v2\/media\/3897"}],"wp:attachment":[{"href":"https:\/\/heliossaludambiental.mx\/index.php\/wp-json\/wp\/v2\/media?parent=3896"}],"wp:term":[{"taxonomy":"product_brand","embeddable":true,"href":"https:\/\/heliossaludambiental.mx\/index.php\/wp-json\/wp\/v2\/product_brand?post=3896"},{"taxonomy":"product_cat","embeddable":true,"href":"https:\/\/heliossaludambiental.mx\/index.php\/wp-json\/wp\/v2\/product_cat?post=3896"},{"taxonomy":"product_tag","embeddable":true,"href":"https:\/\/heliossaludambiental.mx\/index.php\/wp-json\/wp\/v2\/product_tag?post=3896"}],"curies":[{"name":"wp","href":"https:\/\/api.w.org\/{rel}","templated":true}]}}